{"id":49,"date":"2021-02-23T01:13:01","date_gmt":"2021-02-23T00:13:01","guid":{"rendered":"http:\/\/lnarchitecte.fr\/?page_id=49"},"modified":"2024-09-12T20:01:06","modified_gmt":"2024-09-12T18:01:06","slug":"particuliers","status":"publish","type":"page","link":"https:\/\/lnarchitecte.fr\/?page_id=49","title":{"rendered":"Aux particuliers:"},"content":{"rendered":"\n<div class=\"wp-block-columns is-layout-flex wp-container-core-columns-is-layout-1 wp-block-columns-is-layout-flex\">\n<div class=\"wp-block-column is-layout-flow wp-block-column-is-layout-flow\" style=\"flex-basis:100%\">\n<div class=\"wp-block-group\"><div class=\"wp-block-group__inner-container is-layout-flow wp-block-group-is-layout-flow\">\n<ul class=\"wp-block-list\">\n<li>Visite-conseil et faisabilit\u00e9 en vue d&#8217;un achat\/investissement<\/li>\n\n\n\n<li>Audit \u00e9nerg\u00e9tique, \u00e9ligible <a href=\"https:\/\/france-renov.gouv.fr\/preparer-projet\/dpe-audit\" data-type=\"URL\" data-id=\"https:\/\/www.economie.gouv.fr\/particuliers\/prime-renovation-energetique\" target=\"_blank\" rel=\"noreferrer noopener\">MaPrimeR\u00e9nov&#8217;<\/a><\/li>\n\n\n\n<li>Mon Accompagnateur R\u00e9nov\u2019 pour <a href=\"https:\/\/france-renov.gouv.fr\/aides\/maprimerenov-parcours-accompagne\" data-type=\"link\" data-id=\"https:\/\/france-renov.gouv.fr\/aides\/maprimerenov-parcours-accompagne\">MaPrimeR\u00e9nov&#8217; r\u00e9novation d\u2019ampleur<\/a><\/li>\n\n\n\n<li>Accompagnement des Auto-constructeur et <a href=\"https:\/\/fr.twiza.org\/comprendre-le-chantier-participatif,pa114.html\">Chantiers participatifs<\/a><\/li>\n\n\n\n<li>Relev\u00e9 des ouvrages existants (2D et 3D)<\/li>\n\n\n\n<li>\u00c9tude et conception de projet<\/li>\n\n\n\n<li>Formalisation des dossiers graphiques, \u00e9crits et administratifs.<\/li>\n\n\n\n<li>Maitrise d\u2019\u0153uvre et suivi de chantier<\/li>\n\n\n\n<li>Mission annexe en architecture d&#8217;int\u00e9rieure, am\u00e9nagement, paysage, domotique, &#8230;<\/li>\n<\/ul>\n<\/div><\/div>\n<\/div>\n<\/div>\n\n\n\n<p><\/p>\n\n\n\n<p><\/p>\n","protected":false},"excerpt":{"rendered":"","protected":false},"author":1,"featured_media":0,"parent":0,"menu_order":0,"comment_status":"closed","ping_status":"closed","template":"template-fullwidth.php","meta":{"footnotes":""},"class_list":["post-49","page","type-page","status-publish","hentry"],"_links":{"self":[{"href":"https:\/\/lnarchitecte.fr\/index.php?rest_route=\/wp\/v2\/pages\/49"}],"collection":[{"href":"https:\/\/lnarchitecte.fr\/index.php?rest_route=\/wp\/v2\/pages"}],"about":[{"href":"https:\/\/lnarchitecte.fr\/index.php?rest_route=\/wp\/v2\/types\/page"}],"author":[{"embeddable":true,"href":"https:\/\/lnarchitecte.fr\/index.php?rest_route=\/wp\/v2\/users\/1"}],"replies":[{"embeddable":true,"href":"https:\/\/lnarchitecte.fr\/index.php?rest_route=%2Fwp%2Fv2%2Fcomments&post=49"}],"version-history":[{"count":12,"href":"https:\/\/lnarchitecte.fr\/index.php?rest_route=\/wp\/v2\/pages\/49\/revisions"}],"predecessor-version":[{"id":151,"href":"https:\/\/lnarchitecte.fr\/index.php?rest_route=\/wp\/v2\/pages\/49\/revisions\/151"}],"wp:attachment":[{"href":"https:\/\/lnarchitecte.fr\/index.php?rest_route=%2Fwp%2Fv2%2Fmedia&parent=49"}],"curies":[{"name":"wp","href":"https:\/\/api.w.org\/{rel}","templated":true}]}}